{"id":5337,"date":"2025-09-30T17:57:02","date_gmt":"2025-09-30T17:57:02","guid":{"rendered":"https:\/\/sites1.24d.ro\/plugintest\/?post_type=product&#038;p=5337"},"modified":"2025-09-30T18:47:40","modified_gmt":"2025-09-30T18:47:40","slug":"tricou-polo-femei-gi64800","status":"publish","type":"product","link":"https:\/\/sites1.24d.ro\/plugintest\/product\/tricou-polo-femei-gi64800\/","title":{"rendered":"Tricou Polo femei GI64800"},"content":{"rendered":"","protected":false},"excerpt":{"rendered":"<p>100% bumbac filat cu inele, 170,0 g\/mp (alb 165,0 g\/mp)<br \/>\nFabricat din bumbac moale \u0219i amestecuri de bumbac filat cu inele, materialul Softstyle dublu pique permite o permeabilitate mare la aer \u0219i este ideal pentru brodare<br \/>\nUmeri \u00eenclina\u021bi \u00een fa\u021b\u0103<br \/>\nFent\u0103 cu margini \u00eentoarse, cu nasturi de culoare asortat\u0103 cu materialul<br \/>\nBody semi-ajustat, cu cus\u0103turi laterale<br \/>\nEtichet\u0103 neagr\u0103 deta\u0219abil\u0103, de \u00eenalt\u0103 performan\u021b\u0103; trecere la materiale reciclate<br \/>\nStil asociat: GI64800<br \/>\nAmestec de bumbac\/poliester pentru unele culori<\/p>\n","protected":false},"featured_media":4717,"comment_status":"open","ping_status":"closed","template":"","meta":[],"product_brand":[],"product_cat":[157],"product_tag":[96,95],"class_list":{"0":"post-5337","1":"product","2":"type-product","3":"status-publish","4":"has-post-thumbnail","6":"product_cat-tricouri-polo-imbracaminte-medicala-femei","7":"product_tag-polo","8":"product_tag-tricou","10":"first","11":"instock","12":"shipping-taxable","13":"purchasable","14":"product-type-variable"},"_links":{"self":[{"href":"https:\/\/sites1.24d.ro\/plugintest\/wp-json\/wp\/v2\/product\/5337","targetHints":{"allow":["GET"]}}],"collection":[{"href":"https:\/\/sites1.24d.ro\/plugintest\/wp-json\/wp\/v2\/product"}],"about":[{"href":"https:\/\/sites1.24d.ro\/plugintest\/wp-json\/wp\/v2\/types\/product"}],"replies":[{"embeddable":true,"href":"https:\/\/sites1.24d.ro\/plugintest\/wp-json\/wp\/v2\/comments?post=5337"}],"version-history":[{"count":1,"href":"https:\/\/sites1.24d.ro\/plugintest\/wp-json\/wp\/v2\/product\/5337\/revisions"}],"predecessor-version":[{"id":5351,"href":"https:\/\/sites1.24d.ro\/plugintest\/wp-json\/wp\/v2\/product\/5337\/revisions\/5351"}],"wp:featuredmedia":[{"embeddable":true,"href":"https:\/\/sites1.24d.ro\/plugintest\/wp-json\/wp\/v2\/media\/4717"}],"wp:attachment":[{"href":"https:\/\/sites1.24d.ro\/plugintest\/wp-json\/wp\/v2\/media?parent=5337"}],"wp:term":[{"taxonomy":"product_brand","embeddable":true,"href":"https:\/\/sites1.24d.ro\/plugintest\/wp-json\/wp\/v2\/product_brand?post=5337"},{"taxonomy":"product_cat","embeddable":true,"href":"https:\/\/sites1.24d.ro\/plugintest\/wp-json\/wp\/v2\/product_cat?post=5337"},{"taxonomy":"product_tag","embeddable":true,"href":"https:\/\/sites1.24d.ro\/plugintest\/wp-json\/wp\/v2\/product_tag?post=5337"}],"curies":[{"name":"wp","href":"https:\/\/api.w.org\/{rel}","templated":true}]}}